{"id":18,"date":"2025-11-07T13:14:11","date_gmt":"2025-11-07T13:14:11","guid":{"rendered":"https:\/\/agrobilart.rkinformatika.online\/?page_id=18"},"modified":"2025-11-11T15:16:02","modified_gmt":"2025-11-11T15:16:02","slug":"servicios","status":"publish","type":"page","link":"https:\/\/agrobilart.eus\/eu\/servicios\/","title":{"rendered":"Zerbitzuak"},"content":{"rendered":"<div data-elementor-type=\"wp-page\" data-elementor-id=\"18\" class=\"elementor elementor-18\" data-elementor-post-type=\"page\">\n\t\t\t\t<div class=\"elementor-element elementor-element-a879054 e-flex e-con-boxed e-con e-parent\" data-id=\"a879054\" data-element_type=\"container\" data-e-type=\"container\" data-settings=\"{&quot;background_background&quot;:&quot;classic&quot;}\">\n\t\t\t\t\t<div class=\"e-con-inner\">\n\t\t\t\t<div class=\"elementor-element elementor-element-f59ffa7 elementor-widget elementor-widget-heading\" data-id=\"f59ffa7\" data-element_type=\"widget\" data-e-type=\"widget\" data-widget_type=\"heading.default\">\n\t\t\t\t\t<h2 class=\"elementor-heading-title elementor-size-default\">Zerbitzuak<\/h2>\t\t\t\t<\/div>\n\t\t\t\t\t<\/div>\n\t\t\t\t<\/div>\n\t\t<div class=\"elementor-element elementor-element-497d132 e-flex e-con-boxed e-con e-parent\" data-id=\"497d132\" data-element_type=\"container\" data-e-type=\"container\">\n\t\t\t\t\t<div class=\"e-con-inner\">\n\t\t<div class=\"elementor-element elementor-element-665ee8d e-con-full e-flex e-con e-child\" data-id=\"665ee8d\" data-element_type=\"container\" data-e-type=\"container\">\n\t\t\t\t<div class=\"elementor-element elementor-element-ed579cc elementor-widget elementor-widget-image\" data-id=\"ed579cc\" data-element_type=\"widget\" data-e-type=\"widget\" data-widget_type=\"image.default\">\n\t\t\t\t\t\t\t\t\t\t\t\t\t\t\t<img decoding=\"async\" src=\"https:\/\/agrobilart.eus\/wp-content\/uploads\/elementor\/thumbs\/still-life-plant-soil-scaled-recz0ruza56i94djfmj98n3p5rij0gy1u4oskbi200.jpg\" title=\"still-life-plant-soil\" alt=\"still-life-plant-soil\" loading=\"lazy\" \/>\t\t\t\t\t\t\t\t\t\t\t\t\t\t\t<\/div>\n\t\t\t\t<\/div>\n\t\t<div class=\"elementor-element elementor-element-33a22e3 e-con-full e-flex e-con e-child\" data-id=\"33a22e3\" data-element_type=\"container\" data-e-type=\"container\">\n\t\t\t\t<div class=\"elementor-element elementor-element-b3be119 elementor-widget elementor-widget-heading\" data-id=\"b3be119\" data-element_type=\"widget\" data-e-type=\"widget\" data-widget_type=\"heading.default\">\n\t\t\t\t\t<h2 class=\"elementor-heading-title elementor-size-default\">Landare-substratuak<\/h2>\t\t\t\t<\/div>\n\t\t\t\t<div class=\"elementor-element elementor-element-cb83f9e elementor-widget elementor-widget-text-editor\" data-id=\"cb83f9e\" data-element_type=\"widget\" data-e-type=\"widget\" data-widget_type=\"text-editor.default\">\n\t\t\t\t\t\t\t\t\t<p data-start=\"3700\" data-end=\"3718\">Universal (50\u202fL)<\/p><p data-start=\"3723\" data-end=\"3751\">Huerto Urbano \/ Hortalizas<\/p><p data-start=\"3756\" data-end=\"3766\">Frutales<\/p><p data-start=\"3793\" data-end=\"3842\">Profesional (fibra de coco, sustratos t\u00e9cnicos)<\/p>\t\t\t\t\t\t\t\t<\/div>\n\t\t\t\t<\/div>\n\t\t\t\t\t<\/div>\n\t\t\t\t<\/div>\n\t\t<div class=\"elementor-element elementor-element-8da77e5 e-flex e-con-boxed e-con e-parent\" data-id=\"8da77e5\" data-element_type=\"container\" data-e-type=\"container\">\n\t\t\t\t\t<div class=\"e-con-inner\">\n\t\t<div class=\"elementor-element elementor-element-f9fe570 e-con-full e-flex e-con e-child\" data-id=\"f9fe570\" data-element_type=\"container\" data-e-type=\"container\">\n\t\t\t\t<div class=\"elementor-element elementor-element-fff6bb1 elementor-widget elementor-widget-image\" data-id=\"fff6bb1\" data-element_type=\"widget\" data-e-type=\"widget\" data-widget_type=\"image.default\">\n\t\t\t\t\t\t\t\t\t\t\t\t\t\t\t<img decoding=\"async\" src=\"https:\/\/agrobilart.eus\/wp-content\/uploads\/elementor\/thumbs\/closeup-shot-mixed-beans-scaled-recz9mi9mzapkxioqy9s7woyjdvyhv321xue94dleo.jpg\" title=\"Closeup shot of mixed beans\" alt=\"A closeup shot of mixed beans\" loading=\"lazy\" \/>\t\t\t\t\t\t\t\t\t\t\t\t\t\t\t<\/div>\n\t\t\t\t<\/div>\n\t\t<div class=\"elementor-element elementor-element-729baae e-con-full e-flex e-con e-child\" data-id=\"729baae\" data-element_type=\"container\" data-e-type=\"container\">\n\t\t\t\t<div class=\"elementor-element elementor-element-cc725a8 elementor-widget elementor-widget-heading\" data-id=\"cc725a8\" data-element_type=\"widget\" data-e-type=\"widget\" data-widget_type=\"heading.default\">\n\t\t\t\t\t<h2 class=\"elementor-heading-title elementor-size-default\">Haziak<\/h2>\t\t\t\t<\/div>\n\t\t\t\t<div class=\"elementor-element elementor-element-14da675 elementor-widget elementor-widget-text-editor\" data-id=\"14da675\" data-element_type=\"widget\" data-e-type=\"widget\" data-widget_type=\"text-editor.default\">\n\t\t\t\t\t\t\t\t\t<p data-start=\"3864\" data-end=\"3881\">Amateur \/ Hobby<\/p><p data-start=\"3886\" data-end=\"3937\">Kits tem\u00e1ticos (arom\u00e1ticas, ex\u00f3ticas, hortalizas)<\/p><p data-start=\"3942\" data-end=\"3974\">Profesional \/ grandes formatos<\/p><p data-start=\"3979\" data-end=\"4005\">C\u00e9sped &amp; espacios verdes<\/p>\t\t\t\t\t\t\t\t<\/div>\n\t\t\t\t<\/div>\n\t\t\t\t\t<\/div>\n\t\t\t\t<\/div>\n\t\t<div class=\"elementor-element elementor-element-58cd400 e-flex e-con-boxed e-con e-parent\" data-id=\"58cd400\" data-element_type=\"container\" data-e-type=\"container\">\n\t\t\t\t\t<div class=\"e-con-inner\">\n\t\t<div class=\"elementor-element elementor-element-dcb49b9 e-con-full e-flex e-con e-child\" data-id=\"dcb49b9\" data-element_type=\"container\" data-e-type=\"container\">\n\t\t\t\t<div class=\"elementor-element elementor-element-f54800e elementor-widget elementor-widget-image\" data-id=\"f54800e\" data-element_type=\"widget\" data-e-type=\"widget\" data-widget_type=\"image.default\">\n\t\t\t\t\t\t\t\t\t\t\t\t\t\t\t<img decoding=\"async\" src=\"https:\/\/agrobilart.eus\/wp-content\/uploads\/elementor\/thumbs\/close-up-man-with-gardening-gloves-spraying-plants-scaled-recz9gv8hz2zn9qvnvu0sy46z2nr7ogo15xhdglyg0.jpg\" title=\"close-up-man-with-gardening-gloves-spraying-plants\" alt=\"close-up-man-with-gardening-gloves-spraying-plants\" loading=\"lazy\" \/>\t\t\t\t\t\t\t\t\t\t\t\t\t\t\t<\/div>\n\t\t\t\t<\/div>\n\t\t<div class=\"elementor-element elementor-element-aa92b10 e-con-full e-flex e-con e-child\" data-id=\"aa92b10\" data-element_type=\"container\" data-e-type=\"container\">\n\t\t\t\t<div class=\"elementor-element elementor-element-d302a71 elementor-widget elementor-widget-heading\" data-id=\"d302a71\" data-element_type=\"widget\" data-e-type=\"widget\" data-widget_type=\"heading.default\">\n\t\t\t\t\t<h2 class=\"elementor-heading-title elementor-size-default\">Produktu fitosanitarioak<\/h2>\t\t\t\t<\/div>\n\t\t\t\t<div class=\"elementor-element elementor-element-ccb9416 elementor-widget elementor-widget-text-editor\" data-id=\"ccb9416\" data-element_type=\"widget\" data-e-type=\"widget\" data-widget_type=\"text-editor.default\">\n\t\t\t\t\t\t\t\t\t<p data-start=\"4043\" data-end=\"4082\">L\u00ednea JED (uso dom\u00e9stico, sin carnet)<\/p><p>L\u00ednea ECO (ecol\u00f3gicos, agricultura ecol\u00f3gica)<\/p><p>Profesional \/ uso agrario<\/p>\t\t\t\t\t\t\t\t<\/div>\n\t\t\t\t<\/div>\n\t\t\t\t\t<\/div>\n\t\t\t\t<\/div>\n\t\t\t\t<\/div>","protected":false},"excerpt":{"rendered":"<p>Servicios Sustratos Vegetales Universal (50\u202fL) Huerto Urbano \/ Hortalizas Frutales Profesional (fibra de coco, sustratos t\u00e9cnicos) Semillas Amateur \/ Hobby Kits tem\u00e1ticos (arom\u00e1ticas, ex\u00f3ticas, hortalizas) Profesional \/ grandes formatos C\u00e9sped &amp; espacios verdes Produtos Fitosanitarios L\u00ednea JED (uso dom\u00e9stico, sin carnet) L\u00ednea ECO (ecol\u00f3gicos, agricultura ecol\u00f3gica) Profesional \/ uso agrario<\/p>","protected":false},"author":1,"featured_media":0,"parent":0,"menu_order":0,"comment_status":"closed","ping_status":"closed","template":"elementor_canvas","meta":{"footnotes":""},"class_list":["post-18","page","type-page","status-publish","hentry"],"yoast_head":"<!-- This site is optimized with the Yoast SEO plugin v27.5 - https:\/\/yoast.com\/product\/yoast-seo-wordpress\/ -->\n<title>Servicios - AGRO BILART S.L.<\/title>\n<meta name=\"robots\" content=\"index, follow, max-snippet:-1, max-image-preview:large, max-video-preview:-1\" \/>\n<link rel=\"canonical\" href=\"https:\/\/agrobilart.eus\/eu\/servicios\/\" \/>\n<meta property=\"og:locale\" content=\"en_US\" \/>\n<meta property=\"og:type\" content=\"article\" \/>\n<meta property=\"og:title\" content=\"Servicios - AGRO BILART S.L.\" \/>\n<meta property=\"og:description\" content=\"Servicios Sustratos Vegetales Universal (50\u202fL) Huerto Urbano \/ Hortalizas Frutales Profesional (fibra de coco, sustratos t\u00e9cnicos) Semillas Amateur \/ Hobby Kits tem\u00e1ticos (arom\u00e1ticas, ex\u00f3ticas, hortalizas) Profesional \/ grandes formatos C\u00e9sped &amp; espacios verdes Produtos Fitosanitarios L\u00ednea JED (uso dom\u00e9stico, sin carnet) L\u00ednea ECO (ecol\u00f3gicos, agricultura ecol\u00f3gica) Profesional \/ uso agrario\" \/>\n<meta property=\"og:url\" content=\"https:\/\/agrobilart.eus\/eu\/servicios\/\" \/>\n<meta property=\"og:site_name\" content=\"AGRO BILART S.L.\" \/>\n<meta property=\"article:modified_time\" content=\"2025-11-11T15:16:02+00:00\" \/>\n<meta property=\"og:image\" content=\"https:\/\/agrobilart.eus\/wp-content\/uploads\/elementor\/thumbs\/still-life-plant-soil-scaled-recz0ruza56i94djfmj98n3p5rij0gy1u4oskbi200.jpg\" \/>\n<meta name=\"twitter:card\" content=\"summary_large_image\" \/>\n<meta name=\"twitter:label1\" content=\"Est. reading time\" \/>\n\t<meta name=\"twitter:data1\" content=\"1 minutua\" \/>\n<script type=\"application\/ld+json\" class=\"yoast-schema-graph\">{\"@context\":\"https:\\\/\\\/schema.org\",\"@graph\":[{\"@type\":\"WebPage\",\"@id\":\"https:\\\/\\\/agrobilart.eus\\\/servicios\\\/\",\"url\":\"https:\\\/\\\/agrobilart.eus\\\/servicios\\\/\",\"name\":\"Servicios - AGRO BILART S.L.\",\"isPartOf\":{\"@id\":\"https:\\\/\\\/agrobilart.eus\\\/#website\"},\"primaryImageOfPage\":{\"@id\":\"https:\\\/\\\/agrobilart.eus\\\/servicios\\\/#primaryimage\"},\"image\":{\"@id\":\"https:\\\/\\\/agrobilart.eus\\\/servicios\\\/#primaryimage\"},\"thumbnailUrl\":\"https:\\\/\\\/agrobilart.eus\\\/wp-content\\\/uploads\\\/elementor\\\/thumbs\\\/still-life-plant-soil-scaled-recz0ruza56i94djfmj98n3p5rij0gy1u4oskbi200.jpg\",\"datePublished\":\"2025-11-07T13:14:11+00:00\",\"dateModified\":\"2025-11-11T15:16:02+00:00\",\"breadcrumb\":{\"@id\":\"https:\\\/\\\/agrobilart.eus\\\/servicios\\\/#breadcrumb\"},\"inLanguage\":\"eu\",\"potentialAction\":[{\"@type\":\"ReadAction\",\"target\":[\"https:\\\/\\\/agrobilart.eus\\\/servicios\\\/\"]}]},{\"@type\":\"ImageObject\",\"inLanguage\":\"eu\",\"@id\":\"https:\\\/\\\/agrobilart.eus\\\/servicios\\\/#primaryimage\",\"url\":\"https:\\\/\\\/agrobilart.eus\\\/wp-content\\\/uploads\\\/elementor\\\/thumbs\\\/still-life-plant-soil-scaled-recz0ruza56i94djfmj98n3p5rij0gy1u4oskbi200.jpg\",\"contentUrl\":\"https:\\\/\\\/agrobilart.eus\\\/wp-content\\\/uploads\\\/elementor\\\/thumbs\\\/still-life-plant-soil-scaled-recz0ruza56i94djfmj98n3p5rij0gy1u4oskbi200.jpg\"},{\"@type\":\"BreadcrumbList\",\"@id\":\"https:\\\/\\\/agrobilart.eus\\\/servicios\\\/#breadcrumb\",\"itemListElement\":[{\"@type\":\"ListItem\",\"position\":1,\"name\":\"Portada\",\"item\":\"https:\\\/\\\/agrobilart.eus\\\/\"},{\"@type\":\"ListItem\",\"position\":2,\"name\":\"Servicios\"}]},{\"@type\":\"WebSite\",\"@id\":\"https:\\\/\\\/agrobilart.eus\\\/#website\",\"url\":\"https:\\\/\\\/agrobilart.eus\\\/\",\"name\":\"AGRO BILART S.L.\",\"description\":\"\",\"publisher\":{\"@id\":\"https:\\\/\\\/agrobilart.eus\\\/#organization\"},\"potentialAction\":[{\"@type\":\"SearchAction\",\"target\":{\"@type\":\"EntryPoint\",\"urlTemplate\":\"https:\\\/\\\/agrobilart.eus\\\/?s={search_term_string}\"},\"query-input\":{\"@type\":\"PropertyValueSpecification\",\"valueRequired\":true,\"valueName\":\"search_term_string\"}}],\"inLanguage\":\"eu\"},{\"@type\":\"Organization\",\"@id\":\"https:\\\/\\\/agrobilart.eus\\\/#organization\",\"name\":\"AGRO BILART S.L.\",\"url\":\"https:\\\/\\\/agrobilart.eus\\\/\",\"logo\":{\"@type\":\"ImageObject\",\"inLanguage\":\"eu\",\"@id\":\"https:\\\/\\\/agrobilart.eus\\\/#\\\/schema\\\/logo\\\/image\\\/\",\"url\":\"https:\\\/\\\/agrobilart.eus\\\/wp-content\\\/uploads\\\/2025\\\/11\\\/cropped-1-e1762521534162.png\",\"contentUrl\":\"https:\\\/\\\/agrobilart.eus\\\/wp-content\\\/uploads\\\/2025\\\/11\\\/cropped-1-e1762521534162.png\",\"width\":500,\"height\":183,\"caption\":\"AGRO BILART S.L.\"},\"image\":{\"@id\":\"https:\\\/\\\/agrobilart.eus\\\/#\\\/schema\\\/logo\\\/image\\\/\"}}]}<\/script>\n<!-- \/ Yoast SEO plugin. -->","yoast_head_json":{"title":"Servicios - AGRO BILART S.L.","robots":{"index":"index","follow":"follow","max-snippet":"max-snippet:-1","max-image-preview":"max-image-preview:large","max-video-preview":"max-video-preview:-1"},"canonical":"https:\/\/agrobilart.eus\/eu\/servicios\/","og_locale":"en_US","og_type":"article","og_title":"Servicios - AGRO BILART S.L.","og_description":"Servicios Sustratos Vegetales Universal (50\u202fL) Huerto Urbano \/ Hortalizas Frutales Profesional (fibra de coco, sustratos t\u00e9cnicos) Semillas Amateur \/ Hobby Kits tem\u00e1ticos (arom\u00e1ticas, ex\u00f3ticas, hortalizas) Profesional \/ grandes formatos C\u00e9sped &amp; espacios verdes Produtos Fitosanitarios L\u00ednea JED (uso dom\u00e9stico, sin carnet) L\u00ednea ECO (ecol\u00f3gicos, agricultura ecol\u00f3gica) Profesional \/ uso agrario","og_url":"https:\/\/agrobilart.eus\/eu\/servicios\/","og_site_name":"AGRO BILART S.L.","article_modified_time":"2025-11-11T15:16:02+00:00","og_image":[{"url":"https:\/\/agrobilart.eus\/wp-content\/uploads\/elementor\/thumbs\/still-life-plant-soil-scaled-recz0ruza56i94djfmj98n3p5rij0gy1u4oskbi200.jpg","type":"","width":"","height":""}],"twitter_card":"summary_large_image","twitter_misc":{"Est. reading time":"1 minutua"},"schema":{"@context":"https:\/\/schema.org","@graph":[{"@type":"WebPage","@id":"https:\/\/agrobilart.eus\/servicios\/","url":"https:\/\/agrobilart.eus\/servicios\/","name":"Servicios - AGRO BILART S.L.","isPartOf":{"@id":"https:\/\/agrobilart.eus\/#website"},"primaryImageOfPage":{"@id":"https:\/\/agrobilart.eus\/servicios\/#primaryimage"},"image":{"@id":"https:\/\/agrobilart.eus\/servicios\/#primaryimage"},"thumbnailUrl":"https:\/\/agrobilart.eus\/wp-content\/uploads\/elementor\/thumbs\/still-life-plant-soil-scaled-recz0ruza56i94djfmj98n3p5rij0gy1u4oskbi200.jpg","datePublished":"2025-11-07T13:14:11+00:00","dateModified":"2025-11-11T15:16:02+00:00","breadcrumb":{"@id":"https:\/\/agrobilart.eus\/servicios\/#breadcrumb"},"inLanguage":"eu","potentialAction":[{"@type":"ReadAction","target":["https:\/\/agrobilart.eus\/servicios\/"]}]},{"@type":"ImageObject","inLanguage":"eu","@id":"https:\/\/agrobilart.eus\/servicios\/#primaryimage","url":"https:\/\/agrobilart.eus\/wp-content\/uploads\/elementor\/thumbs\/still-life-plant-soil-scaled-recz0ruza56i94djfmj98n3p5rij0gy1u4oskbi200.jpg","contentUrl":"https:\/\/agrobilart.eus\/wp-content\/uploads\/elementor\/thumbs\/still-life-plant-soil-scaled-recz0ruza56i94djfmj98n3p5rij0gy1u4oskbi200.jpg"},{"@type":"BreadcrumbList","@id":"https:\/\/agrobilart.eus\/servicios\/#breadcrumb","itemListElement":[{"@type":"ListItem","position":1,"name":"Portada","item":"https:\/\/agrobilart.eus\/"},{"@type":"ListItem","position":2,"name":"Servicios"}]},{"@type":"WebSite","@id":"https:\/\/agrobilart.eus\/#website","url":"https:\/\/agrobilart.eus\/","name":"AGRO BILART S.L.","description":"","publisher":{"@id":"https:\/\/agrobilart.eus\/#organization"},"potentialAction":[{"@type":"SearchAction","target":{"@type":"EntryPoint","urlTemplate":"https:\/\/agrobilart.eus\/?s={search_term_string}"},"query-input":{"@type":"PropertyValueSpecification","valueRequired":true,"valueName":"search_term_string"}}],"inLanguage":"eu"},{"@type":"Organization","@id":"https:\/\/agrobilart.eus\/#organization","name":"AGRO BILART S.L.","url":"https:\/\/agrobilart.eus\/","logo":{"@type":"ImageObject","inLanguage":"eu","@id":"https:\/\/agrobilart.eus\/#\/schema\/logo\/image\/","url":"https:\/\/agrobilart.eus\/wp-content\/uploads\/2025\/11\/cropped-1-e1762521534162.png","contentUrl":"https:\/\/agrobilart.eus\/wp-content\/uploads\/2025\/11\/cropped-1-e1762521534162.png","width":500,"height":183,"caption":"AGRO BILART S.L."},"image":{"@id":"https:\/\/agrobilart.eus\/#\/schema\/logo\/image\/"}}]}},"_links":{"self":[{"href":"https:\/\/agrobilart.eus\/eu\/wp-json\/wp\/v2\/pages\/18","targetHints":{"allow":["GET"]}}],"collection":[{"href":"https:\/\/agrobilart.eus\/eu\/wp-json\/wp\/v2\/pages"}],"about":[{"href":"https:\/\/agrobilart.eus\/eu\/wp-json\/wp\/v2\/types\/page"}],"author":[{"embeddable":true,"href":"https:\/\/agrobilart.eus\/eu\/wp-json\/wp\/v2\/users\/1"}],"replies":[{"embeddable":true,"href":"https:\/\/agrobilart.eus\/eu\/wp-json\/wp\/v2\/comments?post=18"}],"version-history":[{"count":112,"href":"https:\/\/agrobilart.eus\/eu\/wp-json\/wp\/v2\/pages\/18\/revisions"}],"predecessor-version":[{"id":667,"href":"https:\/\/agrobilart.eus\/eu\/wp-json\/wp\/v2\/pages\/18\/revisions\/667"}],"wp:attachment":[{"href":"https:\/\/agrobilart.eus\/eu\/wp-json\/wp\/v2\/media?parent=18"}],"curies":[{"name":"wp","href":"https:\/\/api.w.org\/{rel}","templated":true}]}}